{"id":3500,"date":"2023-08-03T19:51:34","date_gmt":"2023-08-03T16:51:34","guid":{"rendered":"https:\/\/mmttunc.com\/project\/elysia-tower\/"},"modified":"2024-10-03T16:14:50","modified_gmt":"2024-10-03T13:14:50","slug":"elysia-tower","status":"publish","type":"product","link":"https:\/\/mmttunc.com\/tr\/proje\/elysia-tower\/","title":{"rendered":"Elysia Tower"},"content":{"rendered":"<div class=\"row row-collapse align-center\"  id=\"row-1087445070\">\n\n\t<div id=\"col-71041472\" class=\"col medium-6 small-6 large-3\"  >\n\t\t\t\t<div class=\"col-inner text-center\"  >\n\t\t\t\n\t\t\t\n\n\t\t<div class=\"icon-box featured-box icon-box-center text-center\"  >\n\t\t\t\t\t<div class=\"icon-box-img\" style=\"width: 45px\">\n\t\t\t\t<div class=\"icon\">\n\t\t\t\t\t<div class=\"icon-inner\" >\n\t\t\t\t\t\t<img loading=\"lazy\" decoding=\"async\" width=\"300\" height=\"300\" src=\"https:\/\/mmttunc.com\/wp-content\/uploads\/2023\/08\/location.webp\" class=\"attachment-medium size-medium\" alt=\"\" srcset=\"https:\/\/mmttunc.com\/wp-content\/uploads\/2023\/08\/location.webp 300w, https:\/\/mmttunc.com\/wp-content\/uploads\/2023\/08\/location-100x100.webp 100w, https:\/\/mmttunc.com\/wp-content\/uploads\/2023\/08\/location-150x150.webp 150w\" sizes=\"auto, (max-width: 300px) 100vw, 300px\" \/>\t\t\t\t\t<\/div>\n\t\t\t\t<\/div>\n\t\t\t<\/div>\n\t\t\t\t<div class=\"icon-box-text last-reset\">\n\t\t\t<h5 class=\"uppercase\">Konum<\/h5>\t\t\t<h6>demirta\u015f<\/h6>\t\t\t\n\t\t<\/div>\n\t<\/div>\n\t\n\t\n\t\t<\/div>\n\t\t\t\t\t<\/div>\n\n\t\n\n\t<div id=\"col-203042107\" class=\"col medium-6 small-6 large-3\"  >\n\t\t\t\t<div class=\"col-inner text-center\"  >\n\t\t\t\n\t\t\t\n\n\t\t<div class=\"icon-box featured-box icon-box-center text-center\"  >\n\t\t\t\t\t<div class=\"icon-box-img\" style=\"width: 45px\">\n\t\t\t\t<div class=\"icon\">\n\t\t\t\t\t<div class=\"icon-inner\" >\n\t\t\t\t\t\t<img loading=\"lazy\" decoding=\"async\" width=\"300\" height=\"300\" src=\"https:\/\/mmttunc.com\/wp-content\/uploads\/2023\/08\/distance-to-beach.webp\" class=\"attachment-medium size-medium\" alt=\"\" srcset=\"https:\/\/mmttunc.com\/wp-content\/uploads\/2023\/08\/distance-to-beach.webp 300w, https:\/\/mmttunc.com\/wp-content\/uploads\/2023\/08\/distance-to-beach-100x100.webp 100w, https:\/\/mmttunc.com\/wp-content\/uploads\/2023\/08\/distance-to-beach-150x150.webp 150w\" sizes=\"auto, (max-width: 300px) 100vw, 300px\" \/>\t\t\t\t\t<\/div>\n\t\t\t\t<\/div>\n\t\t\t<\/div>\n\t\t\t\t<div class=\"icon-box-text last-reset\">\n\t\t\t<h5 class=\"uppercase\">Denize<\/h5>\t\t\t<h6>1 KM<\/h6>\t\t\t\n\t\t<\/div>\n\t<\/div>\n\t\n\t\n\t\t<\/div>\n\t\t\t\t\t<\/div>\n\n\t\n\n\t<div id=\"col-1410881438\" class=\"col medium-6 small-6 large-3\"  >\n\t\t\t\t<div class=\"col-inner text-center\"  >\n\t\t\t\n\t\t\t\n\n\t\t<div class=\"icon-box featured-box icon-box-center text-center\"  >\n\t\t\t\t\t<div class=\"icon-box-img\" style=\"width: 45px\">\n\t\t\t\t<div class=\"icon\">\n\t\t\t\t\t<div class=\"icon-inner\" >\n\t\t\t\t\t\t<img loading=\"lazy\" decoding=\"async\" width=\"300\" height=\"300\" src=\"https:\/\/mmttunc.com\/wp-content\/uploads\/2023\/08\/distantance-to-airport.webp\" class=\"attachment-medium size-medium\" alt=\"\" srcset=\"https:\/\/mmttunc.com\/wp-content\/uploads\/2023\/08\/distantance-to-airport.webp 300w, https:\/\/mmttunc.com\/wp-content\/uploads\/2023\/08\/distantance-to-airport-100x100.webp 100w, https:\/\/mmttunc.com\/wp-content\/uploads\/2023\/08\/distantance-to-airport-150x150.webp 150w\" sizes=\"auto, (max-width: 300px) 100vw, 300px\" \/>\t\t\t\t\t<\/div>\n\t\t\t\t<\/div>\n\t\t\t<\/div>\n\t\t\t\t<div class=\"icon-box-text last-reset\">\n\t\t\t<h5 class=\"uppercase\">Gazipa\u015fa Havaliman\u0131<\/h5>\t\t\t<h6>15 km<\/h6>\t\t\t\n\t\t<\/div>\n\t<\/div>\n\t\n\t\n\t\t<\/div>\n\t\t\t\t\t<\/div>\n\n\t\n\n\t<div id=\"col-1979595750\" class=\"col medium-6 small-6 large-3\"  >\n\t\t\t\t<div class=\"col-inner text-center\"  >\n\t\t\t\n\t\t\t\n\n\t\t<div class=\"icon-box featured-box icon-box-center text-center\"  >\n\t\t\t\t\t<div class=\"icon-box-img\" style=\"width: 45px\">\n\t\t\t\t<div class=\"icon\">\n\t\t\t\t\t<div class=\"icon-inner\" >\n\t\t\t\t\t\t<img loading=\"lazy\" decoding=\"async\" width=\"300\" height=\"300\" src=\"https:\/\/mmttunc.com\/wp-content\/uploads\/2023\/08\/distantance-to-airport.webp\" class=\"attachment-medium size-medium\" alt=\"\" srcset=\"https:\/\/mmttunc.com\/wp-content\/uploads\/2023\/08\/distantance-to-airport.webp 300w, https:\/\/mmttunc.com\/wp-content\/uploads\/2023\/08\/distantance-to-airport-100x100.webp 100w, https:\/\/mmttunc.com\/wp-content\/uploads\/2023\/08\/distantance-to-airport-150x150.webp 150w\" sizes=\"auto, (max-width: 300px) 100vw, 300px\" \/>\t\t\t\t\t<\/div>\n\t\t\t\t<\/div>\n\t\t\t<\/div>\n\t\t\t\t<div class=\"icon-box-text last-reset\">\n\t\t\t<h5 class=\"uppercase\">Antalya Havaliman\u0131<\/h5>\t\t\t<h6>147 km<\/h6>\t\t\t\n\t\t<\/div>\n\t<\/div>\n\t\n\t\n\t\t<\/div>\n\t\t\t\t\t<\/div>\n\n\t\n\n\t<div id=\"col-463884652\" class=\"col medium-11 small-12 large-12\"  >\n\t\t\t\t<div class=\"col-inner text-center\"  >\n\t\t\t\n\t<div class=\"is-border\"\n\t\tstyle=\"border-color:rgb(205, 164, 71);border-radius:22px;border-width:2px 2px 2px 2px;\">\n\t<\/div>\n\t\t\t\n\n\t\t<div class=\"icon-box featured-box icon-box-center text-center\"  >\n\t\t\t\t\t<div class=\"icon-box-img\" style=\"width: 45px\">\n\t\t\t\t<div class=\"icon\">\n\t\t\t\t\t<div class=\"icon-inner\" >\n\t\t\t\t\t\t<img loading=\"lazy\" decoding=\"async\" width=\"300\" height=\"300\" src=\"https:\/\/mmttunc.com\/wp-content\/uploads\/2023\/08\/date-300x300.webp\" class=\"attachment-medium size-medium\" alt=\"\" srcset=\"https:\/\/mmttunc.com\/wp-content\/uploads\/2023\/08\/date-300x300.webp 300w, https:\/\/mmttunc.com\/wp-content\/uploads\/2023\/08\/date-100x100.webp 100w, https:\/\/mmttunc.com\/wp-content\/uploads\/2023\/08\/date-150x150.webp 150w, https:\/\/mmttunc.com\/wp-content\/uploads\/2023\/08\/date.webp 512w\" sizes=\"auto, (max-width: 300px) 100vw, 300px\" \/>\t\t\t\t\t<\/div>\n\t\t\t\t<\/div>\n\t\t\t<\/div>\n\t\t\t\t<div class=\"icon-box-text last-reset\">\n\t\t\t<h5 class=\"uppercase\">Proje S\u00fcresi<\/h5>\t\t\t\t\t\t\n<p>Ba\u015flang\u0131\u00e7 Tarihi: Mart 2023<\/p>\n<p>Biti\u015f Tarihi: Nisan 2024<\/p>\n\t\t<\/div>\n\t<\/div>\n\t\n\t\n\t\t<\/div>\n\t\t\t\t\n<style>\n#col-463884652 > .col-inner {\n  padding: 5px 0px 5px 0px;\n  margin: 9px 0px 9px 0px;\n}\n@media (min-width:550px) {\n  #col-463884652 > .col-inner {\n    margin: 9px 0px 9px 0px;\n  }\n}\n@media (min-width:850px) {\n  #col-463884652 > .col-inner {\n    padding: 5px 5px 5px 5px;\n    margin: 9px 0px 9px 0px;\n  }\n}\n<\/style>\n\t<\/div>\n\n\t\n<\/div>\n<p>Arsa alan\u0131 3500m\u00b2<\/p>\n<p>ELYSIA TOWER 9 katl\u0131 ilgin\u00e7 bir projedir ve daire se\u00e7enekleri sunmaktad\u0131r: 1+1 (60m\u00b2), 2+1 (94m\u00b2), 2+1 Dubleks (94m\u00b2) ve 4+1 Dubleks (182m\u00b2).<\/p>\n<p>T\u00fcm daireler eksiksiz olarak teslim edilmektedir.<\/p>\n<h2>Altyap\u0131<\/h2>\n<ul>\n<li>Kayd\u0131rakl\u0131 a\u00e7\u0131k y\u00fczme havuzu<\/li>\n<li>\u00c7ocuk havuzu<\/li>\n<li>Kafe ve bar<\/li>\n<li>Fitness salonu<\/li>\n<li>T\u00fcrk Hamam\u0131<\/li>\n<li>Sauna<\/li>\n<li>Jakuzi<\/li>\n<li>\u00c7ocuk park\u0131<\/li>\n<li>\u00c7ocuk oyun odas\u0131<\/li>\n<li>\u00c7ardak<\/li>\n<li>Barbek\u00fc<\/li>\n<li>Sinema<\/li>\n<li>Resepsiyon<\/li>\n<li>\u00c7itle \u00e7evrili ve korunan b\u00f6lgesi<\/li>\n<li>Jenerat\u00f6r<\/li>\n<\/ul>\n<h2>Proje \u00d6zelli\u0307kleri\u0307<\/h2>\n<ul>\n<li>Amerikan panelli lake kap\u0131lar<\/li>\n<li>Granit tezgahlar<\/li>\n<li>LED ve spot \u0131\u015f\u0131klar\u0131<\/li>\n<li>Balkon ve PVC pencereler<\/li>\n<li>Merkezi uydu sistemi<\/li>\n<li>Diyafon sistemi<\/li>\n<li>Kamera sistemleri<\/li>\n<li>G\u00fcne\u015f enerjisi<\/li>\n<li>WLAN-\u0130nternet sistemi<\/li>\n<\/ul>\n<p>Toplam 63 daire:<\/p>\n<ul>\n<li>1+1: 40 adet<\/li>\n<li>2+1: 16 adet<\/li>\n<li>2+1 Dubleks: 5 adet<\/li>\n<li>4+1 Dubleks: 2 adet<\/li>\n<\/ul>\n<h2>Mahalle hakk\u0131nda<\/h2>\n<p>Akdeniz k\u0131y\u0131s\u0131nda cennet gibi bir yer. G\u00fczel ekoloji, muhte\u015fem plajlar, \u00e7am ormanlar\u0131 ve sakin ve huzurlu bir atmosfer. Tatil yerinin avantajlar\u0131 sadece emlak geli\u015ftiricileri taraf\u0131ndan de\u011fil, ayn\u0131 zamanda yurtd\u0131\u015f\u0131ndan gelen yat\u0131r\u0131mc\u0131lar taraf\u0131ndan da de\u011ferlendirilmi\u015ftir. Yukar\u0131daki avantajlara ek olarak, Alanya&#8217;ya 22 km ve Gazipa\u015fa havaalan\u0131na 15 km uzakl\u0131ktaki konut kompleksinin uygun konumunu da ekleyebilirsiniz.<\/p>\n<h2>Konum<\/h2>\n\n<p><iframe loading=\"lazy\" style=\"border: 0;\" src=\"https:\/\/www.google.com\/maps\/embed?pb=!1m13!1m8!1m3!1d12840.903431400107!2d32.166519!3d36.427921!3m2!1i1024!2i768!4f13.1!3m2!1m1!2zMzbCsDI1JzQwLjUiTiAzMsKwMTAnMDguNiJF!5e0!3m2!1str!2str!4v1691082403653!5m2!1str!2str\" width=\"1600\" height=\"450\" allowfullscreen=\"allowfullscreen\"><\/iframe><br \/>\n\n","protected":false},"excerpt":{"rendered":"<p>ELYSIA TOWER 9 katl\u0131 ilgin\u00e7 bir projedir ve daire se\u00e7enekleri sunmaktad\u0131r: 1+1 (60m\u00b2), 2+1 (94m\u00b2), 2+1 Dubleks (94m\u00b2) ve 4+1 Dubleks (182m\u00b2).<\/p>\n","protected":false},"featured_media":3358,"comment_status":"open","ping_status":"closed","template":"","meta":{"_joinchat":[]},"product_brand":[],"product_cat":[56],"product_tag":[],"class_list":{"0":"post-3500","1":"product","2":"type-product","3":"status-publish","4":"has-post-thumbnail","6":"product_cat-demirtas-tr","8":"first","9":"instock","10":"shipping-taxable","11":"product-type-simple"},"_links":{"self":[{"href":"https:\/\/mmttunc.com\/tr\/wp-json\/wp\/v2\/product\/3500","targetHints":{"allow":["GET"]}}],"collection":[{"href":"https:\/\/mmttunc.com\/tr\/wp-json\/wp\/v2\/product"}],"about":[{"href":"https:\/\/mmttunc.com\/tr\/wp-json\/wp\/v2\/types\/product"}],"replies":[{"embeddable":true,"href":"https:\/\/mmttunc.com\/tr\/wp-json\/wp\/v2\/comments?post=3500"}],"wp:featuredmedia":[{"embeddable":true,"href":"https:\/\/mmttunc.com\/tr\/wp-json\/wp\/v2\/media\/3358"}],"wp:attachment":[{"href":"https:\/\/mmttunc.com\/tr\/wp-json\/wp\/v2\/media?parent=3500"}],"wp:term":[{"taxonomy":"product_brand","embeddable":true,"href":"https:\/\/mmttunc.com\/tr\/wp-json\/wp\/v2\/product_brand?post=3500"},{"taxonomy":"product_cat","embeddable":true,"href":"https:\/\/mmttunc.com\/tr\/wp-json\/wp\/v2\/product_cat?post=3500"},{"taxonomy":"product_tag","embeddable":true,"href":"https:\/\/mmttunc.com\/tr\/wp-json\/wp\/v2\/product_tag?post=3500"}],"curies":[{"name":"wp","href":"https:\/\/api.w.org\/{rel}","templated":true}]}}