{"id":3922,"date":"2023-11-27T17:56:40","date_gmt":"2023-11-27T14:56:40","guid":{"rendered":"https:\/\/mmttunc.com\/%d0%b2-%d0%bf%d1%80%d0%b5%d1%81%d1%81%d0%b5\/"},"modified":"2024-04-08T03:28:49","modified_gmt":"2024-04-08T00:28:49","slug":"%d0%b2-%d0%bf%d1%80%d0%b5%d1%81%d1%81%d0%b5","status":"publish","type":"page","link":"https:\/\/mmttunc.com\/ru\/%d0%b2-%d0%bf%d1%80%d0%b5%d1%81%d1%81%d0%b5\/","title":{"rendered":"\u0412 \u041f\u0440\u0435\u0441\u0441\u0435"},"content":{"rendered":"\n\n\t<section class=\"section\" id=\"section_2020970656\">\n\t\t<div class=\"section-bg fill\" >\n\t\t\t\t\t\t\t\t\t\n\t\t\t\n\n\t\t<\/div>\n\n\t\t\n\n\t\t<div class=\"section-content relative\">\n\t\t\t\n\n<div class=\"row\"  id=\"row-388301948\">\n\n\n\t<div id=\"col-703655923\" class=\"col medium-4 small-12 large-4\"  >\n\t\t\t\t<div class=\"col-inner\"  >\n\t\t\t\n\t\t\t\n\n<div class=\"video video-fit mb\" style=\"padding-top:56%;\"><iframe loading=\"lazy\" title=\"\u0421\u0422\u0420\u041e\u0418\u0422\u0415\u041b\u042c\u041d\u0410\u042f \u041a\u041e\u041c\u041f\u0410\u041d\u0418\u042f \u0412 \u0410\u041b\u0410\u041d\u0418\u0418 - MMT TUNC GROUP\" width=\"1020\" height=\"574\" src=\"https:\/\/www.youtube.com\/embed\/gotxyvyrxm0?feature=oembed\" frameborder=\"0\" allow=\"accelerometer; autoplay; clipboard-write; encrypted-media; gyroscope; picture-in-picture; web-share\" allowfullscreen><\/iframe><\/div>\n\n\n\t\t<\/div>\n\t\t\t\t\t<\/div>\n\n\t\n\n\t<div id=\"col-1093092658\" class=\"col medium-4 small-12 large-4\"  >\n\t\t\t\t<div class=\"col-inner\"  >\n\t\t\t\n\t\t\t\n\n<div class=\"video video-fit mb\" style=\"padding-top:50%;\"><p><iframe loading=\"lazy\" title=\"MMT TUN\u00c7 GROUP KIBRIS&#039;A A\u00c7ILDI\" width=\"1020\" height=\"574\" src=\"https:\/\/www.youtube.com\/embed\/OvxnTXXO5jY?feature=oembed\" frameborder=\"0\" allow=\"accelerometer; autoplay; clipboard-write; encrypted-media; gyroscope; picture-in-picture; web-share\" allowfullscreen><\/iframe><\/p>\n<\/div>\n\n\n\t\t<\/div>\n\t\t\t\t\t<\/div>\n\n\t\n\n\t<div id=\"col-2002515633\" class=\"col medium-4 small-12 large-4\"  >\n\t\t\t\t<div class=\"col-inner\"  >\n\t\t\t\n\t\t\t\n\n<div class=\"video video-fit mb\" style=\"padding-top:50%;\"><p><iframe loading=\"lazy\" title=\"MMT TUNC GROUP - \u0417\u0410\u0421\u0422\u0420\u041e\u0419\u0429\u0418\u041a \u041d\u0410 \u0421\u0415\u0412\u0415\u0420\u041d\u041e\u041c \u041a\u0418\u041f\u0420\u0415\" width=\"1020\" height=\"574\" src=\"https:\/\/www.youtube.com\/embed\/YRCMcmP7XMI?feature=oembed\" frameborder=\"0\" allow=\"accelerometer; autoplay; clipboard-write; encrypted-media; gyroscope; picture-in-picture; web-share\" allowfullscreen><\/iframe><\/p>\n<\/div>\n\n\n\t\t<\/div>\n\t\t\t\t\t<\/div>\n\n\t\n\n<\/div>\n<div class=\"row\"  id=\"row-662909065\">\n\n\n\t<div id=\"col-894749425\" class=\"col medium-4 small-12 large-4\"  >\n\t\t\t\t<div class=\"col-inner\"  >\n\t\t\t\n\t\t\t\n\n<div class=\"video video-fit mb\" style=\"padding-top:50%;\"><p><iframe loading=\"lazy\" title=\"MMT TUN\u00c7 GROUP KOLEJ\u0130 A\u00c7ILI\u015e G\u00d6R\u00dcNT\u00dcLER\u0130\" width=\"1020\" height=\"574\" src=\"https:\/\/www.youtube.com\/embed\/XTs8Tg7tMwU?feature=oembed\" frameborder=\"0\" allow=\"accelerometer; autoplay; clipboard-write; encrypted-media; gyroscope; picture-in-picture; web-share\" allowfullscreen><\/iframe><\/p>\n<\/div>\n\n\n\t\t<\/div>\n\t\t\t\t\t<\/div>\n\n\t\n\n\t<div id=\"col-1472850620\" class=\"col medium-4 small-12 large-4\"  >\n\t\t\t\t<div class=\"col-inner\"  >\n\t\t\t\n\t\t\t\n\n<div class=\"video video-fit mb\" style=\"padding-top:50%;\"><p><iframe loading=\"lazy\" title=\"MMT TUN\u00c7 GROUPTAN E\u011e\u0130T\u0130ME YATIRIM\" width=\"1020\" height=\"574\" src=\"https:\/\/www.youtube.com\/embed\/LkAIt80yNFk?feature=oembed\" frameborder=\"0\" allow=\"accelerometer; autoplay; clipboard-write; encrypted-media; gyroscope; picture-in-picture; web-share\" allowfullscreen><\/iframe><\/p>\n<\/div>\n\n\n\t\t<\/div>\n\t\t\t\t\t<\/div>\n\n\t\n\n\t<div id=\"col-1400970571\" class=\"col medium-4 small-12 large-4\"  >\n\t\t\t\t<div class=\"col-inner\"  >\n\t\t\t\n\t\t\t\n\n<div class=\"video video-fit mb\" style=\"padding-top:50%;\"><p><iframe loading=\"lazy\" title=\"MMT TUNC GROUP - \u041b\u0423\u0427\u0428\u0418\u0419 \u0417\u0410\u0421\u0422\u0420\u041e\u0419\u0429\u0418\u041a 2023 \u0413\u041e\u0414\u0410 \u0412 \u0410\u041b\u0410\u041d\u0418\u0418, \u0422\u0423\u0420\u0426\u0418\u042f \ud83c\uddf9\ud83c\uddf7\" width=\"1020\" height=\"574\" src=\"https:\/\/www.youtube.com\/embed\/-hruSoKmIuY?feature=oembed\" frameborder=\"0\" allow=\"accelerometer; autoplay; clipboard-write; encrypted-media; gyroscope; picture-in-picture; web-share\" allowfullscreen><\/iframe><\/p>\n<\/div>\n\n\n\t\t<\/div>\n\t\t\t\t\t<\/div>\n\n\t\n\n<\/div>\n<div class=\"row\"  id=\"row-924789968\">\n\n\n\t<div id=\"col-1917232526\" class=\"col medium-4 small-12 large-4\"  >\n\t\t\t\t<div class=\"col-inner\"  >\n\t\t\t\n\t\t\t\n\n<div class=\"video video-fit mb\" style=\"padding-top:50%;\"><p><iframe loading=\"lazy\" title=\"MMT TUN\u00c7 GROUP BA\u015eKANI ABD\u00dcLKAD\u0130R TUN\u00c7 D\u0130M TV YE VERE\u0130\u011e\u0130 ROP\u00d6RTAJLARDAN KES\u0130TLER\" width=\"1020\" height=\"574\" src=\"https:\/\/www.youtube.com\/embed\/9R4I-XFbfK4?feature=oembed\" frameborder=\"0\" allow=\"accelerometer; autoplay; clipboard-write; encrypted-media; gyroscope; picture-in-picture; web-share\" allowfullscreen><\/iframe><\/p>\n<\/div>\n\n\n\t\t<\/div>\n\t\t\t\t\t<\/div>\n\n\t\n\n\t<div id=\"col-147490652\" class=\"col medium-4 small-12 large-4\"  >\n\t\t\t\t<div class=\"col-inner\"  >\n\t\t\t\n\t\t\t\n\n<div class=\"video video-fit mb\" style=\"padding-top:50%;\"><p><iframe loading=\"lazy\" title=\"MMT TUNC GROUP\" width=\"1020\" height=\"574\" src=\"https:\/\/www.youtube.com\/embed\/zUcgXbnorUo?feature=oembed\" frameborder=\"0\" allow=\"accelerometer; autoplay; clipboard-write; encrypted-media; gyroscope; picture-in-picture; web-share\" allowfullscreen><\/iframe><\/p>\n<\/div>\n\n\n\t\t<\/div>\n\t\t\t\t\t<\/div>\n\n\t\n\n\t<div id=\"col-1616703591\" class=\"col medium-4 small-12 large-4\"  >\n\t\t\t\t<div class=\"col-inner\"  >\n\t\t\t\n\t\t\t\n\n<div class=\"video video-fit mb\" style=\"padding-top:50%;\"><p><iframe loading=\"lazy\" title=\"MUSTAFA \u00d6ZEN \u0130LE &#039;&#039;POL\u0130T\u0130K EKSEN&#039;&#039;\" width=\"1020\" height=\"574\" src=\"https:\/\/www.youtube.com\/embed\/FsVtUEIDWjE?feature=oembed\" frameborder=\"0\" allow=\"accelerometer; autoplay; clipboard-write; encrypted-media; gyroscope; picture-in-picture; web-share\" allowfullscreen><\/iframe><\/p>\n<\/div>\n\n\n\t\t<\/div>\n\t\t\t\t\t<\/div>\n\n\t\n\n<\/div>\n<div class=\"row\"  id=\"row-1434925471\">\n\n\n\t<div id=\"col-166401529\" class=\"col medium-4 small-12 large-4\"  >\n\t\t\t\t<div class=\"col-inner\"  >\n\t\t\t\n\t\t\t\n\n<div class=\"video video-fit mb\" style=\"padding-top:50%;\"><p><iframe loading=\"lazy\" title=\"MMT TUN\u00c7 GROUP 100 YILIN EMLAK \u00d6D\u00dcL\u00dcNE LAYIK G\u00d6R\u00dcLD\u00dc\" width=\"1020\" height=\"574\" src=\"https:\/\/www.youtube.com\/embed\/lUbSD2pKhkg?feature=oembed\" frameborder=\"0\" allow=\"accelerometer; autoplay; clipboard-write; encrypted-media; gyroscope; picture-in-picture; web-share\" allowfullscreen><\/iframe><\/p>\n<\/div>\n\n\n\t\t<\/div>\n\t\t\t\t\t<\/div>\n\n\t\n\n\t<div id=\"col-1577215323\" class=\"col medium-4 small-12 large-4\"  >\n\t\t\t\t<div class=\"col-inner\"  >\n\t\t\t\n\t\t\t\n\n<div class=\"video video-fit mb\" style=\"padding-top:50%;\"><p><iframe loading=\"lazy\" title=\"MMT TUNC GROUP A\u00c7ILI\u015eINDAN KARELER\" width=\"1020\" height=\"574\" src=\"https:\/\/www.youtube.com\/embed\/OfsQfPypOio?feature=oembed\" frameborder=\"0\" allow=\"accelerometer; autoplay; clipboard-write; encrypted-media; gyroscope; picture-in-picture; web-share\" allowfullscreen><\/iframe><\/p>\n<\/div>\n\n\n\t\t<\/div>\n\t\t\t\t\t<\/div>\n\n\t\n\n\t<div id=\"col-1777647496\" class=\"col medium-4 small-12 large-4\"  >\n\t\t\t\t<div class=\"col-inner\"  >\n\t\t\t\n\t\t\t\n\n<div class=\"video video-fit mb\" style=\"padding-top:50%;\"><p><iframe loading=\"lazy\" title=\"\u041e\u0431\u0437\u043e\u0440 \u0420\u0430\u0438\u0306\u043e\u043d\u0430 \u041f\u0430\u044f\u043b\u043b\u0430\u0440: \u043f\u043b\u044f\u0436, \u0438\u043d\u0444\u0440\u0430\u0441\u0442\u0440\u0443\u043a\u0442\u0443\u0440\u0430, \u043f\u043b\u044e\u0441\u044b \u0438 \u043c\u0438\u043d\u0443\u0441\u044b. \u0421\u0430\u043c\u044b\u0439 \u043f\u0440\u0438\u0432\u043b\u0435\u043a\u0430\u0442\u0435\u043b\u044c\u043d\u044b\u0439 \u0440\u0430\u0439\u043e\u043d \u0432 \u0410\u043b\u0430\u043d\u0438\u0438.\" width=\"1020\" height=\"574\" src=\"https:\/\/www.youtube.com\/embed\/t-MAsUVNDDY?feature=oembed\" frameborder=\"0\" allow=\"accelerometer; autoplay; clipboard-write; encrypted-media; gyroscope; picture-in-picture; web-share\" allowfullscreen><\/iframe><\/p>\n<\/div>\n\n\n\t\t<\/div>\n\t\t\t\t\t<\/div>\n\n\t\n\n<\/div>\n<div class=\"row\"  id=\"row-160099029\">\n\n\n\t<div id=\"col-438562407\" class=\"col medium-4 small-12 large-4\"  >\n\t\t\t\t<div class=\"col-inner\"  >\n\t\t\t\n\t\t\t\n\n<div class=\"video video-fit mb\" style=\"padding-top:50%;\"><p><iframe loading=\"lazy\" title=\"MMT TUN\u00c7 GROUP UN D\u00dcZENLED\u0130\u011e\u0130 ALANYA 2. T\u0130YATRO FEST\u0130VAL\u0130N\u0130N SON G\u00dcN\u00dc \u00c7OK \u00c7OK YO\u011eUN \u0130LG\u0130 TOPLADI\" width=\"1020\" height=\"574\" src=\"https:\/\/www.youtube.com\/embed\/omtmkcaO_ZE?feature=oembed\" frameborder=\"0\" allow=\"accelerometer; autoplay; clipboard-write; encrypted-media; gyroscope; picture-in-picture; web-share\" allowfullscreen><\/iframe><\/p>\n<\/div>\n\n\n\t\t<\/div>\n\t\t\t\t\t<\/div>\n\n\t\n\n\t<div id=\"col-737927235\" class=\"col medium-4 small-12 large-4\"  >\n\t\t\t\t<div class=\"col-inner\"  >\n\t\t\t\n\t\t\t\n\n<div class=\"video video-fit mb\" style=\"padding-top:50%;\"><p><iframe loading=\"lazy\" title=\"MMT TUN\u00c7 GROUP B\u00dcNYES\u0130NDE D\u00dcZENLENEN ALANYA 2. T\u0130YATRO FEST\u0130VAL\u0130 \u00c7OK YO\u011eUN \u0130LG\u0130 G\u00d6R\u00dcYOR\" width=\"1020\" height=\"574\" src=\"https:\/\/www.youtube.com\/embed\/0Hqh6-BNgkQ?feature=oembed\" frameborder=\"0\" allow=\"accelerometer; autoplay; clipboard-write; encrypted-media; gyroscope; picture-in-picture; web-share\" allowfullscreen><\/iframe><\/p>\n<\/div>\n\n\n\t\t<\/div>\n\t\t\t\t\t<\/div>\n\n\t\n\n\t<div id=\"col-1279566875\" class=\"col medium-4 small-12 large-4\"  >\n\t\t\t\t<div class=\"col-inner\"  >\n\t\t\t\n\t\t\t\n\n<div class=\"video video-fit mb\" style=\"padding-top:50%;\"><p><iframe loading=\"lazy\" title=\"mmt tun\u00e7 group Alanya da bulunan projelerden g\u00f6r\u00fcnt\u00fcler\" width=\"1020\" height=\"574\" src=\"https:\/\/www.youtube.com\/embed\/wC3uRRMcWQc?feature=oembed\" frameborder=\"0\" allow=\"accelerometer; autoplay; clipboard-write; encrypted-media; gyroscope; picture-in-picture; web-share\" allowfullscreen><\/iframe><\/p>\n<\/div>\n\n\n\t\t<\/div>\n\t\t\t\t\t<\/div>\n\n\t\n\n<\/div>\n<div class=\"row\"  id=\"row-1248247425\">\n\n\n\t<div id=\"col-476832272\" class=\"col medium-4 small-12 large-4\"  >\n\t\t\t\t<div class=\"col-inner\"  >\n\t\t\t\n\t\t\t\n\n<div class=\"video video-fit mb\" style=\"padding-top:50%;\"><p><iframe loading=\"lazy\" title=\"MMT TUN\u00c7 GROUP\" width=\"1020\" height=\"574\" src=\"https:\/\/www.youtube.com\/embed\/cvd5Vi_tsWc?feature=oembed\" frameborder=\"0\" allow=\"accelerometer; autoplay; clipboard-write; encrypted-media; gyroscope; picture-in-picture; web-share\" allowfullscreen><\/iframe><\/p>\n<\/div>\n\n\n\t\t<\/div>\n\t\t\t\t\t<\/div>\n\n\t\n\n\t<div id=\"col-371294000\" class=\"col medium-4 small-12 large-4\"  >\n\t\t\t\t<div class=\"col-inner\"  >\n\t\t\t\n\t\t\t\n\n<div class=\"video video-fit mb\" style=\"padding-top:50%;\"><p><iframe loading=\"lazy\" title=\"MMT TUN\u00c7 GROUP A\u00c7ILI\u015e\" width=\"1020\" height=\"574\" src=\"https:\/\/www.youtube.com\/embed\/7-Juc4rkLTw?feature=oembed\" frameborder=\"0\" allow=\"accelerometer; autoplay; clipboard-write; encrypted-media; gyroscope; picture-in-picture; web-share\" allowfullscreen><\/iframe><\/p>\n<\/div>\n\n\n\t\t<\/div>\n\t\t\t\t\t<\/div>\n\n\t\n\n\t<div id=\"col-725612143\" class=\"col medium-4 small-12 large-4\"  >\n\t\t\t\t<div class=\"col-inner\"  >\n\t\t\t\n\t\t\t\n\n<div class=\"video video-fit mb\" style=\"padding-top:50%;\"><p><iframe loading=\"lazy\" title=\"Sponsoru oldu\u011fumuz MMTTUNC GROUP futbol tak\u0131m\u0131m\u0131z\" width=\"1020\" height=\"574\" src=\"https:\/\/www.youtube.com\/embed\/UoCtS9hL1OQ?feature=oembed\" frameborder=\"0\" allow=\"accelerometer; autoplay; clipboard-write; encrypted-media; gyroscope; picture-in-picture; web-share\" allowfullscreen><\/iframe><\/p>\n<\/div>\n\n\n\t\t<\/div>\n\t\t\t\t\t<\/div>\n\n\t\n\n<\/div>\n<div class=\"row\"  id=\"row-1978871419\">\n\n\n\t<div id=\"col-2048482381\" class=\"col medium-4 small-12 large-4\"  >\n\t\t\t\t<div class=\"col-inner\"  >\n\t\t\t\n\t\t\t\n\n<div class=\"video video-fit mb\" style=\"padding-top:50%;\"><p><iframe loading=\"lazy\" title=\"Ba\u015far\u0131m\u0131z\u0131n s\u0131rr\u0131 \u0130NAN\u00c7.\" width=\"1020\" height=\"574\" src=\"https:\/\/www.youtube.com\/embed\/92FxbtAlYEQ?feature=oembed\" frameborder=\"0\" allow=\"accelerometer; autoplay; clipboard-write; encrypted-media; gyroscope; picture-in-picture; web-share\" allowfullscreen><\/iframe><\/p>\n<\/div>\n\n\n\t\t<\/div>\n\t\t\t\t\t<\/div>\n\n\t\n\n\t<div id=\"col-1736079659\" class=\"col medium-4 small-12 large-4\"  >\n\t\t\t\t<div class=\"col-inner\"  >\n\t\t\t\n\t\t\t\n\n<div class=\"video video-fit mb\" style=\"padding-top:50%;\"><p><iframe loading=\"lazy\" title=\"MMT TUN\u00c7 GROUP Y.\u00d6.K BA\u015eKANI ABD\u00dcLKAD\u0130R TUN\u00c7TAN PROJELER HAKKINDA B\u0130LG\u0130LER\" width=\"1020\" height=\"574\" src=\"https:\/\/www.youtube.com\/embed\/9w9-1DriWWA?feature=oembed\" frameborder=\"0\" allow=\"accelerometer; autoplay; clipboard-write; encrypted-media; gyroscope; picture-in-picture; web-share\" allowfullscreen><\/iframe><\/p>\n<\/div>\n\n\n\t\t<\/div>\n\t\t\t\t\t<\/div>\n\n\t\n\n<\/div>\n\n\t\t<\/div>\n\n\t\t\n<style>\n#section_2020970656 {\n  padding-top: 30px;\n  padding-bottom: 30px;\n}\n<\/style>\n\t<\/section>\n\t\n\n","protected":false},"excerpt":{"rendered":"","protected":false},"author":3,"featured_media":0,"parent":0,"menu_order":0,"comment_status":"closed","ping_status":"closed","template":"page-blank.php","meta":{"_joinchat":[],"footnotes":""},"class_list":["post-3922","page","type-page","status-publish","hentry"],"_links":{"self":[{"href":"https:\/\/mmttunc.com\/ru\/wp-json\/wp\/v2\/pages\/3922","targetHints":{"allow":["GET"]}}],"collection":[{"href":"https:\/\/mmttunc.com\/ru\/wp-json\/wp\/v2\/pages"}],"about":[{"href":"https:\/\/mmttunc.com\/ru\/wp-json\/wp\/v2\/types\/page"}],"author":[{"embeddable":true,"href":"https:\/\/mmttunc.com\/ru\/wp-json\/wp\/v2\/users\/3"}],"replies":[{"embeddable":true,"href":"https:\/\/mmttunc.com\/ru\/wp-json\/wp\/v2\/comments?post=3922"}],"version-history":[{"count":3,"href":"https:\/\/mmttunc.com\/ru\/wp-json\/wp\/v2\/pages\/3922\/revisions"}],"predecessor-version":[{"id":4942,"href":"https:\/\/mmttunc.com\/ru\/wp-json\/wp\/v2\/pages\/3922\/revisions\/4942"}],"wp:attachment":[{"href":"https:\/\/mmttunc.com\/ru\/wp-json\/wp\/v2\/media?parent=3922"}],"curies":[{"name":"wp","href":"https:\/\/api.w.org\/{rel}","templated":true}]}}