{"id":5637,"date":"2023-08-03T18:36:23","date_gmt":"2023-08-03T15:36:23","guid":{"rendered":"https:\/\/mmttunc.com\/project\/ceylife\/"},"modified":"2024-06-27T20:17:23","modified_gmt":"2024-06-27T17:17:23","slug":"ceylife","status":"publish","type":"product","link":"https:\/\/mmttunc.com\/pl\/project\/ceylife\/","title":{"rendered":"Ceylife"},"content":{"rendered":"<div class=\"row row-collapse align-center\"  id=\"row-319715840\">\n\n\t<div id=\"col-2105077049\" class=\"col medium-6 small-6 large-3\"  >\n\t\t\t\t<div class=\"col-inner text-center\"  >\n\t\t\t\n\t\t\t\n\n\t\t<div class=\"icon-box featured-box icon-box-center text-center\"  >\n\t\t\t\t\t<div class=\"icon-box-img\" style=\"width: 45px\">\n\t\t\t\t<div class=\"icon\">\n\t\t\t\t\t<div class=\"icon-inner\" >\n\t\t\t\t\t\t<img loading=\"lazy\" decoding=\"async\" width=\"300\" height=\"300\" src=\"https:\/\/mmttunc.com\/wp-content\/uploads\/2023\/08\/location.webp\" class=\"attachment-medium size-medium\" alt=\"location\" srcset=\"https:\/\/mmttunc.com\/wp-content\/uploads\/2023\/08\/location.webp 300w, https:\/\/mmttunc.com\/wp-content\/uploads\/2023\/08\/location-100x100.webp 100w, https:\/\/mmttunc.com\/wp-content\/uploads\/2023\/08\/location-150x150.webp 150w\" sizes=\"auto, (max-width: 300px) 100vw, 300px\" \/>\t\t\t\t\t<\/div>\n\t\t\t\t<\/div>\n\t\t\t<\/div>\n\t\t\t\t<div class=\"icon-box-text last-reset\">\n\t\t\t<h5 class=\"uppercase\">Lokalizacja<\/h5>\t\t\t<h6>Avsallar<\/h6>\t\t\t\n\t\t<\/div>\n\t<\/div>\n\t\n\t\n\t\t<\/div>\n\t\t\t\t\t<\/div>\n\n\t\n\n\t<div id=\"col-2081498523\" class=\"col medium-6 small-6 large-3\"  >\n\t\t\t\t<div class=\"col-inner text-center\"  >\n\t\t\t\n\t\t\t\n\n\t\t<div class=\"icon-box featured-box icon-box-center text-center\"  >\n\t\t\t\t\t<div class=\"icon-box-img\" style=\"width: 45px\">\n\t\t\t\t<div class=\"icon\">\n\t\t\t\t\t<div class=\"icon-inner\" >\n\t\t\t\t\t\t<img loading=\"lazy\" decoding=\"async\" width=\"300\" height=\"300\" src=\"https:\/\/mmttunc.com\/wp-content\/uploads\/2023\/08\/distance-to-beach.webp\" class=\"attachment-medium size-medium\" alt=\"\" srcset=\"https:\/\/mmttunc.com\/wp-content\/uploads\/2023\/08\/distance-to-beach.webp 300w, https:\/\/mmttunc.com\/wp-content\/uploads\/2023\/08\/distance-to-beach-100x100.webp 100w, https:\/\/mmttunc.com\/wp-content\/uploads\/2023\/08\/distance-to-beach-150x150.webp 150w\" sizes=\"auto, (max-width: 300px) 100vw, 300px\" \/>\t\t\t\t\t<\/div>\n\t\t\t\t<\/div>\n\t\t\t<\/div>\n\t\t\t\t<div class=\"icon-box-text last-reset\">\n\t\t\t<h5 class=\"uppercase\">Pla\u017ca<\/h5>\t\t\t<h6>950 M<\/h6>\t\t\t\n\t\t<\/div>\n\t<\/div>\n\t\n\t\n\t\t<\/div>\n\t\t\t\t\t<\/div>\n\n\t\n\n\t<div id=\"col-460639372\" class=\"col medium-6 small-6 large-3\"  >\n\t\t\t\t<div class=\"col-inner text-center\"  >\n\t\t\t\n\t\t\t\n\n\t\t<div class=\"icon-box featured-box icon-box-center text-center\"  >\n\t\t\t\t\t<div class=\"icon-box-img\" style=\"width: 45px\">\n\t\t\t\t<div class=\"icon\">\n\t\t\t\t\t<div class=\"icon-inner\" >\n\t\t\t\t\t\t<img loading=\"lazy\" decoding=\"async\" width=\"300\" height=\"300\" src=\"https:\/\/mmttunc.com\/wp-content\/uploads\/2023\/08\/distantance-to-airport.webp\" class=\"attachment-medium size-medium\" alt=\"\" srcset=\"https:\/\/mmttunc.com\/wp-content\/uploads\/2023\/08\/distantance-to-airport.webp 300w, https:\/\/mmttunc.com\/wp-content\/uploads\/2023\/08\/distantance-to-airport-100x100.webp 100w, https:\/\/mmttunc.com\/wp-content\/uploads\/2023\/08\/distantance-to-airport-150x150.webp 150w\" sizes=\"auto, (max-width: 300px) 100vw, 300px\" \/>\t\t\t\t\t<\/div>\n\t\t\t\t<\/div>\n\t\t\t<\/div>\n\t\t\t\t<div class=\"icon-box-text last-reset\">\n\t\t\t<h5 class=\"uppercase\">Lotnisko Gazipa\u015fa<\/h5>\t\t\t<h6>68 km<\/h6>\t\t\t\n\t\t<\/div>\n\t<\/div>\n\t\n\t\n\t\t<\/div>\n\t\t\t\t\t<\/div>\n\n\t\n\n\t<div id=\"col-1503613741\" class=\"col medium-6 small-6 large-3\"  >\n\t\t\t\t<div class=\"col-inner text-center\"  >\n\t\t\t\n\t\t\t\n\n\t\t<div class=\"icon-box featured-box icon-box-center text-center\"  >\n\t\t\t\t\t<div class=\"icon-box-img\" style=\"width: 45px\">\n\t\t\t\t<div class=\"icon\">\n\t\t\t\t\t<div class=\"icon-inner\" >\n\t\t\t\t\t\t<img loading=\"lazy\" decoding=\"async\" width=\"300\" height=\"300\" src=\"https:\/\/mmttunc.com\/wp-content\/uploads\/2023\/08\/distantance-to-airport.webp\" class=\"attachment-medium size-medium\" alt=\"\" srcset=\"https:\/\/mmttunc.com\/wp-content\/uploads\/2023\/08\/distantance-to-airport.webp 300w, https:\/\/mmttunc.com\/wp-content\/uploads\/2023\/08\/distantance-to-airport-100x100.webp 100w, https:\/\/mmttunc.com\/wp-content\/uploads\/2023\/08\/distantance-to-airport-150x150.webp 150w\" sizes=\"auto, (max-width: 300px) 100vw, 300px\" \/>\t\t\t\t\t<\/div>\n\t\t\t\t<\/div>\n\t\t\t<\/div>\n\t\t\t\t<div class=\"icon-box-text last-reset\">\n\t\t\t<h5 class=\"uppercase\">Lotniska Antalya<\/h5>\t\t\t<h6>101 km<\/h6>\t\t\t\n\t\t<\/div>\n\t<\/div>\n\t\n\t\n\t\t<\/div>\n\t\t\t\t\t<\/div>\n\n\t\n\n\t<div id=\"col-1312325245\" class=\"col medium-11 small-12 large-12\"  >\n\t\t\t\t<div class=\"col-inner text-center\"  >\n\t\t\t\n\t<div class=\"is-border\"\n\t\tstyle=\"border-color:rgb(205, 164, 71);border-radius:22px;border-width:2px 2px 2px 2px;\">\n\t<\/div>\n\t\t\t\n\n\t\t<div class=\"icon-box featured-box icon-box-center text-center\"  >\n\t\t\t\t\t<div class=\"icon-box-img\" style=\"width: 45px\">\n\t\t\t\t<div class=\"icon\">\n\t\t\t\t\t<div class=\"icon-inner\" >\n\t\t\t\t\t\t<img loading=\"lazy\" decoding=\"async\" width=\"300\" height=\"300\" src=\"https:\/\/mmttunc.com\/wp-content\/uploads\/2023\/08\/date-300x300.webp\" class=\"attachment-medium size-medium\" alt=\"\" srcset=\"https:\/\/mmttunc.com\/wp-content\/uploads\/2023\/08\/date-300x300.webp 300w, https:\/\/mmttunc.com\/wp-content\/uploads\/2023\/08\/date-100x100.webp 100w, https:\/\/mmttunc.com\/wp-content\/uploads\/2023\/08\/date-150x150.webp 150w, https:\/\/mmttunc.com\/wp-content\/uploads\/2023\/08\/date.webp 512w\" sizes=\"auto, (max-width: 300px) 100vw, 300px\" \/>\t\t\t\t\t<\/div>\n\t\t\t\t<\/div>\n\t\t\t<\/div>\n\t\t\t\t<div class=\"icon-box-text last-reset\">\n\t\t\t<h5 class=\"uppercase\">Okresie Realizacji Projektu<\/h5>\t\t\t\t\t\t\n<p>Data rozpocz\u0119cia: listopad 2022 r<\/p>\n<p>Data zako\u0144czenia: pa\u017adziernik 2023 r<\/p>\n\t\t<\/div>\n\t<\/div>\n\t\n\t\n\t\t<\/div>\n\t\t\t\t\n<style>\n#col-1312325245 > .col-inner {\n  padding: 5px 0px 5px 0px;\n  margin: 9px 0px 9px 0px;\n}\n@media (min-width:550px) {\n  #col-1312325245 > .col-inner {\n    margin: 9px 0px 9px 0px;\n  }\n}\n@media (min-width:850px) {\n  #col-1312325245 > .col-inner {\n    padding: 5px 5px 5px 5px;\n    margin: 9px 0px 9px 0px;\n  }\n}\n<\/style>\n\t<\/div>\n\n\t\n<\/div>\n<p>Powierzchnia kompleksu 849,90 m \u00b2<\/p>\n<p>CEYL\u0130FE to projekt miejski po\u0142o\u017cony w samym centrum Avsallar, w ekologicznie czystym terenie, w otoczeniu las\u00f3w sosnowych, zaledwie 950 metr\u00f3w od pla\u017cy z rozwini\u0119t\u0105 infrastruktur\u0105 miejsk\u0105.<br \/>\nKompleks ten sk\u0142ada si\u0119 z 7-pi\u0119trowych blok\u00f3w mieszkalnych. W sumie jest 17 mieszka\u0144 o r\u00f3\u017cnych uk\u0142adach o powierzchni mieszkalnej od 57 m \u00b2 do 140 m \u00b2.<\/p>\n<p>Wszystkie apartamenty oferuj\u0105 wysokiej jako\u015bci wyko\u0144czenie, wyposa\u017cenie \u0142azienki i wbudowan\u0105 kuchni\u0119, z nast\u0119puj\u0105cymi uk\u0142adami:<br \/>\n\u0141\u0105cznie 17 mieszka\u0144:<\/p>\n<ul>\n<li>1 + 1: 13 szt.<\/li>\n<li>2 + 1 Dupleks: 4 szt.<\/li>\n<\/ul>\n<p>CEYL\u0130FE PROJECT to \u015bwietna inwestycja w luksusowe nieruchomo\u015bci na mo\u017cliwo\u015bci uzyskania dochodu z wynajmu z pi\u0119knie zaprojektowanymi ogrodami i wszystkimi udogodnieniami niezb\u0119dnymi do komfortowego \u017cycia.<\/p>\n<h2>Infrastruktura<\/h2>\n<ul>\n<li>Otwarty basen<\/li>\n<li>Si\u0142ownia<\/li>\n<li>Sauna<\/li>\n<li>Prysznice i przebieralnie<\/li>\n<li>Plac zabaw<\/li>\n<li>Ogrodzonym terenie<\/li>\n<\/ul>\n<h2>O dzielnicy:<\/h2>\n<p>Avsallar to miejscowo\u015b\u0107 wypoczynkowa po\u0142o\u017cona zaledwie 20 kilometr\u00f3w od centrum Alanyi. Obszar ten jest znany jako popularne miejsce na wakacje ze wspania\u0142ymi pla\u017cami i drobnym \u017c\u00f3\u0142tym piaskiem. Sezon p\u0142ywania trwa do listopada. Avsallar jest uwa\u017cane za miasto kontrast\u00f3w, ukochane przez europejskich mieszka\u0144c\u00f3w, kt\u00f3rzy przyje\u017cd\u017caj\u0105 tutaj, aby cieszy\u0107 si\u0119 lokalnym jedzeniem, robi\u0107 zakupy i wygrzewa\u0107 si\u0119 na s\u0142o\u0144cu\u2026 Tutaj znajdziesz wszystko, czego potrzebujesz do komfortowego \u017cycia przez ca\u0142y rok \u201d, liczne kawiarnie, kluby, centra handlowe i ca\u0142\u0105 infrastruktur\u0119 miasta w odleg\u0142o\u015bci spaceru.<\/p>\n<h2>Lokalizacja<\/h2>\n\n<p><iframe loading=\"lazy\" style=\"border: 0;\" src=\"https:\/\/www.google.com\/maps\/embed?pb=!1m13!1m8!1m3!1d6403.459688418487!2d31.769389000000004!3d36.632889!3m2!1i1024!2i768!4f13.1!3m2!1m1!2zMzbCsDM3JzU4LjQiTiAzMcKwNDYnMDkuOCJF!5e0!3m2!1str!2str!4v1691077014198!5m2!1str!2str\" width=\"1600\" height=\"450\" allowfullscreen=\"allowfullscreen\"><\/iframe><br \/>\n\n","protected":false},"excerpt":{"rendered":"<p>CEYL\u0130FE to projekt miejski po\u0142o\u017cony w samym centrum Avsallar, w ekologicznie czystym terenie, w otoczeniu las\u00f3w sosnowych, zaledwie 950 metr\u00f3w od pla\u017cy z rozwini\u0119t\u0105 infrastruktur\u0105 miejsk\u0105.<\/p>\n","protected":false},"featured_media":5638,"comment_status":"open","ping_status":"closed","template":"","meta":{"_joinchat":[]},"product_brand":[],"product_cat":[83],"product_tag":[],"class_list":{"0":"post-5637","1":"product","2":"type-product","3":"status-publish","4":"has-post-thumbnail","6":"product_cat-avsallar-pl","8":"first","9":"instock","10":"shipping-taxable","11":"product-type-simple"},"_links":{"self":[{"href":"https:\/\/mmttunc.com\/pl\/wp-json\/wp\/v2\/product\/5637","targetHints":{"allow":["GET"]}}],"collection":[{"href":"https:\/\/mmttunc.com\/pl\/wp-json\/wp\/v2\/product"}],"about":[{"href":"https:\/\/mmttunc.com\/pl\/wp-json\/wp\/v2\/types\/product"}],"replies":[{"embeddable":true,"href":"https:\/\/mmttunc.com\/pl\/wp-json\/wp\/v2\/comments?post=5637"}],"wp:featuredmedia":[{"embeddable":true,"href":"https:\/\/mmttunc.com\/pl\/wp-json\/wp\/v2\/media\/5638"}],"wp:attachment":[{"href":"https:\/\/mmttunc.com\/pl\/wp-json\/wp\/v2\/media?parent=5637"}],"wp:term":[{"taxonomy":"product_brand","embeddable":true,"href":"https:\/\/mmttunc.com\/pl\/wp-json\/wp\/v2\/product_brand?post=5637"},{"taxonomy":"product_cat","embeddable":true,"href":"https:\/\/mmttunc.com\/pl\/wp-json\/wp\/v2\/product_cat?post=5637"},{"taxonomy":"product_tag","embeddable":true,"href":"https:\/\/mmttunc.com\/pl\/wp-json\/wp\/v2\/product_tag?post=5637"}],"curies":[{"name":"wp","href":"https:\/\/api.w.org\/{rel}","templated":true}]}}