{"id":5527,"date":"2023-08-03T21:25:13","date_gmt":"2023-08-03T18:25:13","guid":{"rendered":"https:\/\/mmttunc.com\/uslug\/usluga-credit-mmt\/"},"modified":"2024-06-27T18:45:08","modified_gmt":"2024-06-27T15:45:08","slug":"usluga-credit-mmt","status":"publish","type":"page","link":"https:\/\/mmttunc.com\/pl\/uslug\/usluga-credit-mmt\/","title":{"rendered":"Us\u0142uga CREDIT MMT"},"content":{"rendered":"\n\n\t<section class=\"section\" id=\"section_1627174432\">\n\t\t<div class=\"section-bg fill\" >\n\t\t\t\t\t\t\t\t\t\n\t\t\t\n\n\t\t<\/div>\n\n\t\t\n\n\t\t<div class=\"section-content relative\">\n\t\t\t\n\n\n  <div class=\"banner has-hover has-parallax\" id=\"banner-1488404548\">\n          <div class=\"banner-inner fill\">\n        <div class=\"banner-bg fill\" data-parallax=\"-4\" data-parallax-container=\".banner\" data-parallax-background>\n            <img loading=\"lazy\" decoding=\"async\" width=\"1080\" height=\"1080\" src=\"https:\/\/mmttunc.com\/wp-content\/uploads\/2023\/08\/Service-CREDIT-MMT-MMT-TUNC.webp\" class=\"bg attachment-original size-original\" alt=\"\" \/>                        <div class=\"overlay\"><\/div>            \n                    <\/div>\n\t\t\n        <div class=\"banner-layers container\">\n            <div class=\"fill banner-link\"><\/div>            \n\n\n        <\/div>\n      <\/div>\n\n            \n<style>\n#banner-1488404548 {\n  padding-top: 260px;\n}\n#banner-1488404548 .overlay {\n  background-color: rgba(0,0,0,.5);\n}\n#banner-1488404548 .banner-bg img {\n  object-position: 42% 92%;\n}\n@media (min-width:550px) {\n  #banner-1488404548 {\n    padding-top: 400px;\n  }\n}\n<\/style>\n  <\/div>\n\n\n\n\t\t<\/div>\n\n\t\t\n<style>\n#section_1627174432 {\n  padding-top: 0px;\n  padding-bottom: 0px;\n}\n<\/style>\n\t<\/section>\n\t\n\n\t<section class=\"section dark\" id=\"section_1018073467\">\n\t\t<div class=\"section-bg fill\" >\n\t\t\t\t\t\t\t\t\t\n\t\t\t\n\n\t\t<\/div>\n\n\t\t\n\n\t\t<div class=\"section-content relative\">\n\t\t\t\n\n<div class=\"row align-equal\"  id=\"row-1521825084\">\n\n\n\t<div id=\"col-878181168\" class=\"col medium-7 small-12 large-8\"  >\n\t\t\t\t<div class=\"col-inner\"  >\n\t\t\t\n\t\t\t\n\n<h1>Us\u0142uga CREDIT MMT<\/h1>\n<p>Je\u015bli chcesz kupi\u0107 mieszkanie w Turcji i masz nieruchomo\u015b\u0107 w Federacji Rosyjskiej, mo\u017cesz skorzysta\u0107 z naszego programu CREDIT MMT<\/p>\n<p>Program CREDIT MMT to okazja do otrzymania po\u017cyczki bankowej zabezpieczonej przez nieruchomo\u015bci w Federacji Rosyjskiej na op\u0142acenie wybranej nieruchomo\u015bci w Turcji z budowy firma MMT Tunc Group. Po\u017cyczka jest emitowana na terytorium Federacji Rosyjskiej w rublach w jednym z 30 bank\u00f3w, z kt\u00f3rymi wsp\u00f3\u0142pracuje nasza firma. Program dzia\u0142a we wszystkich regionach Federacji Rosyjskiej.<\/p>\n<p>Aby uzyska\u0107 po\u017cyczk\u0119, musisz podpisa\u0107 umow\u0119 z nasz\u0105 firm\u0105 budowlan\u0105 MMT Tunc Group na zakup mieszkania w Turcji i przes\u0142a\u0107 nast\u0119puj\u0105ce dokumenty:<\/p>\n<ul>\n<li>Kopia Paszportu<\/li>\n<li>SNILS<\/li>\n<li>Numer Podatkowy<\/li>\n<li>Certyfikat w\u0142asno\u015bci nieruchomo\u015bci w Federacji Rosyjskiej.<\/li>\n<\/ul>\n<p>&nbsp;<\/p>\n<p>Specjali\u015bci naszej firmy zapewni\u0105 wszelk\u0105 niezb\u0119dn\u0105 pomoc w przygotowaniu dokument\u00f3w. Rozpatrzenie wniosku o po\u017cyczk\u0119 wynosi 2-3 dni robocze. Prawdopodobie\u0144stwo uzyskania po\u017cyczki wynosi 90%.<\/p>\n<p>Aby uzyska\u0107 bardziej szczeg\u00f3\u0142owe informacje, skontaktuj si\u0119 ze specjalistami naszej firmy.<\/p>\n\n\t\t<\/div>\n\t\t\t\t\t<\/div>\n\n\t\n\n\t<div id=\"col-1356273968\" class=\"col medium-5 small-12 large-4\"  >\n\t\t<div class=\"is-sticky-column\"><div class=\"is-sticky-column__inner\">\t\t<div class=\"col-inner\"  >\n\t\t\t\n\t\t\t\n\n\n\t<section class=\"section\" id=\"section_13378060\">\n\t\t<div class=\"section-bg fill\" >\n\t\t\t\t\t\t\t\t\t\n\t\t\t\n\t<div class=\"is-border\"\n\t\tstyle=\"border-color:rgb(207, 164, 76);border-radius:15px;border-width:2px 2px 2px 2px;\">\n\t<\/div>\n\n\t\t<\/div>\n\n\t\t\n\n\t\t<div class=\"section-content relative\">\n\t\t\t\n\n<div class=\"row\"  id=\"row-2053150236\">\n\n\n\t<div id=\"col-1516370861\" class=\"col small-12 large-12\"  >\n\t\t\t\t<div class=\"col-inner text-center\"  >\n\t\t\t\n\t\t\t\n\n\t<div class=\"img has-hover x md-x lg-x y md-y lg-y\" id=\"image_721428769\">\n\t\t\t\t\t\t\t\t<div class=\"img-inner image-zoom dark\" >\n\t\t\t<img loading=\"lazy\" decoding=\"async\" width=\"400\" height=\"185\" src=\"https:\/\/mmttunc.com\/wp-content\/uploads\/2023\/07\/MMT-Tunc-Group-Logo-MMT-TUNC.webp\" class=\"attachment-original size-original\" alt=\"MMT Tunc Group Logo - MMT TUNC\" srcset=\"https:\/\/mmttunc.com\/wp-content\/uploads\/2023\/07\/MMT-Tunc-Group-Logo-MMT-TUNC.webp 400w, https:\/\/mmttunc.com\/wp-content\/uploads\/2023\/07\/MMT-Tunc-Group-Logo-MMT-TUNC-300x139.webp 300w\" sizes=\"auto, (max-width: 400px) 100vw, 400px\" \/>\t\t\t\t\t\t\n\t\t\t\t\t<\/div>\n\t\t\t\t\t\t\t\t\n<style>\n#image_721428769 {\n  width: 100%;\n}\n<\/style>\n\t<\/div>\n\t\n\n\n\t\t<\/div>\n\t\t\t\t\t<\/div>\n\n\t\n\n\t<div id=\"col-347533676\" class=\"col small-12 large-12\"  >\n\t\t\t\t<div class=\"col-inner\"  >\n\t\t\t\n\t\t\t\n\n\t<div id=\"text-1367370003\" class=\"text hover-gold\">\n\t\t\n\n<h2>Informacje kontaktowe:<\/h2>\n<p>Telefon:<\/p>\n<p><a href=\"tel:+905326988343\" target=\"_blank\" rel=\"noopener\">+90 (532) 698 83 43<\/a> (EN-UA-RU)<\/p>\n<p><a href=\"tel:+905321346007\" target=\"_blank\" rel=\"noopener\">+ 90 (532) 134 60 07<\/a> (TR)<\/p>\n<p>WhatsApp : <a href=\"https:\/\/wa.me\/+905326988343\/?text=mmttunc.com\" target=\"_blank\" rel=\"noopener\">+90 (532) 698 83 43<\/a><\/p>\n<p>Mail : <a href=\"mailto:info@mmttuncgroup.com\" target=\"_blank\" rel=\"noopener\">info@mmttuncgroup.com<\/a><\/p>\n\t\t\n<style>\n#text-1367370003 {\n  text-align: center;\n}\n<\/style>\n\t<\/div>\n\t\n\n\t\t<\/div>\n\t\t\t\t\t<\/div>\n\n\t\n\n<\/div>\n\n\t\t<\/div>\n\n\t\t\n<style>\n#section_13378060 {\n  padding-top: 30px;\n  padding-bottom: 30px;\n}\n<\/style>\n\t<\/section>\n\t\n\n\n\t\t<\/div>\n\t\t<\/div><\/div>\t\t\t<\/div>\n\n\t\n\n<\/div>\n\n\t\t<\/div>\n\n\t\t\n<style>\n#section_1018073467 {\n  padding-top: 30px;\n  padding-bottom: 30px;\n  background-color: #1e1e1e;\n}\n<\/style>\n\t<\/section>\n\t\n","protected":false},"excerpt":{"rendered":"","protected":false},"author":3,"featured_media":5528,"parent":5496,"menu_order":0,"comment_status":"closed","ping_status":"closed","template":"page-blank.php","meta":{"_joinchat":[],"footnotes":""},"class_list":["post-5527","page","type-page","status-publish","has-post-thumbnail","hentry"],"_links":{"self":[{"href":"https:\/\/mmttunc.com\/pl\/wp-json\/wp\/v2\/pages\/5527","targetHints":{"allow":["GET"]}}],"collection":[{"href":"https:\/\/mmttunc.com\/pl\/wp-json\/wp\/v2\/pages"}],"about":[{"href":"https:\/\/mmttunc.com\/pl\/wp-json\/wp\/v2\/types\/page"}],"author":[{"embeddable":true,"href":"https:\/\/mmttunc.com\/pl\/wp-json\/wp\/v2\/users\/3"}],"replies":[{"embeddable":true,"href":"https:\/\/mmttunc.com\/pl\/wp-json\/wp\/v2\/comments?post=5527"}],"version-history":[{"count":2,"href":"https:\/\/mmttunc.com\/pl\/wp-json\/wp\/v2\/pages\/5527\/revisions"}],"predecessor-version":[{"id":5530,"href":"https:\/\/mmttunc.com\/pl\/wp-json\/wp\/v2\/pages\/5527\/revisions\/5530"}],"up":[{"embeddable":true,"href":"https:\/\/mmttunc.com\/pl\/wp-json\/wp\/v2\/pages\/5496"}],"wp:featuredmedia":[{"embeddable":true,"href":"https:\/\/mmttunc.com\/pl\/wp-json\/wp\/v2\/media\/5528"}],"wp:attachment":[{"href":"https:\/\/mmttunc.com\/pl\/wp-json\/wp\/v2\/media?parent=5527"}],"curies":[{"name":"wp","href":"https:\/\/api.w.org\/{rel}","templated":true}]}}