{"id":5507,"date":"2023-07-26T11:54:11","date_gmt":"2023-07-26T08:54:11","guid":{"rendered":"https:\/\/mmttunc.com\/uslug\/informacje-o-wycieczce\/"},"modified":"2024-06-27T18:35:36","modified_gmt":"2024-06-27T15:35:36","slug":"informacje-o-wycieczce","status":"publish","type":"page","link":"https:\/\/mmttunc.com\/pl\/uslug\/informacje-o-wycieczce\/","title":{"rendered":"Informacje o wycieczce"},"content":{"rendered":"\n\n\t<section class=\"section\" id=\"section_585044928\">\n\t\t<div class=\"section-bg fill\" >\n\t\t\t\t\t\t\t\t\t\n\t\t\t\n\n\t\t<\/div>\n\n\t\t\n\n\t\t<div class=\"section-content relative\">\n\t\t\t\n\n\n  <div class=\"banner has-hover has-parallax\" id=\"banner-266978635\">\n          <div class=\"banner-inner fill\">\n        <div class=\"banner-bg fill\" data-parallax=\"-4\" data-parallax-container=\".banner\" data-parallax-background>\n            <img loading=\"lazy\" decoding=\"async\" width=\"1080\" height=\"1080\" src=\"https:\/\/mmttunc.com\/wp-content\/uploads\/2023\/08\/Info-Tour-MMT-TUNC.webp\" class=\"bg attachment-original size-original\" alt=\"\" \/>                        <div class=\"overlay\"><\/div>            \n                    <\/div>\n\t\t\n        <div class=\"banner-layers container\">\n            <div class=\"fill banner-link\"><\/div>            \n\n\n        <\/div>\n      <\/div>\n\n            \n<style>\n#banner-266978635 {\n  padding-top: 260px;\n}\n#banner-266978635 .overlay {\n  background-color: rgba(0,0,0,.5);\n}\n#banner-266978635 .banner-bg img {\n  object-position: 55% 37%;\n}\n@media (min-width:550px) {\n  #banner-266978635 {\n    padding-top: 400px;\n  }\n}\n<\/style>\n  <\/div>\n\n\n\n\t\t<\/div>\n\n\t\t\n<style>\n#section_585044928 {\n  padding-top: 0px;\n  padding-bottom: 0px;\n}\n<\/style>\n\t<\/section>\n\t\n\n\t<section class=\"section dark\" id=\"section_280236675\">\n\t\t<div class=\"section-bg fill\" >\n\t\t\t\t\t\t\t\t\t\n\t\t\t\n\n\t\t<\/div>\n\n\t\t\n\n\t\t<div class=\"section-content relative\">\n\t\t\t\n\n<div class=\"row\"  id=\"row-1471426115\">\n\n\n\t<div id=\"col-1556672294\" class=\"col medium-7 small-12 large-8\"  >\n\t\t\t\t<div class=\"col-inner\"  >\n\t\t\t\n\t\t\t\n\n<h1>Informacje o wycieczce<\/h1>\n<p>Skorzystaj z naszej wycieczki informacyjnej, aby zapozna\u0107 si\u0119 z poni\u017cszymi<\/p>\n<ul>\n<li>Wst\u0119pnie wybrane obiekty do ogl\u0105dania na \u017cywo zosta\u0142y zaprojektowane tak, aby\u015b m\u00f3g\u0142 zrozumie\u0107 w\u0142a\u015bciwo\u015bci, kt\u00f3re pomog\u0105 Ci podj\u0105\u0107 \u015bwiadom\u0105 decyzj\u0119.<\/li>\n<li>Poczuj, jak to jest mieszka\u0107 w Turcji. Po\u015bwi\u0119\u0107 3-5 dni na zamieszkanie w jednym z apartament\u00f3w, poznaj nasz\u0105 kultur\u0119, wypr\u00f3buj lokaln\u0105 kuchni\u0119.<\/li>\n<li>Poznaj lokalne dzielnice, ich zalety i infrastruktur\u0119 miasta.<\/li>\n<\/ul>\n<h2><span data-text-color=\"primary\">Informacje Wycieczka obejmuje:<\/span><\/h2>\n<ul>\n<li>Transfer z \/ na lotnisko<\/li>\n<li>Zakwaterowanie w apartamencie lub hotelu do 5 dni dla wszystkich cz\u0142onk\u00f3w rodziny (do 4 os\u00f3b)<\/li>\n<li>Ogl\u0105danie projekt\u00f3w z osobistym mened\u017cerem<\/li>\n<li>Zwiedzanie Miasta<\/li>\n<li>Przygotowanie wszystkich niezb\u0119dnych dokument\u00f3w (w przypadku oszustwa przy zakupie)<\/li>\n<\/ul>\n\n\t\t<\/div>\n\t\t\t\t\t<\/div>\n\n\t\n\n\t<div id=\"col-1433872725\" class=\"col medium-5 small-12 large-4\"  >\n\t\t<div class=\"is-sticky-column\"><div class=\"is-sticky-column__inner\">\t\t<div class=\"col-inner\"  >\n\t\t\t\n\t\t\t\n\n\n\t<section class=\"section\" id=\"section_1871414173\">\n\t\t<div class=\"section-bg fill\" >\n\t\t\t\t\t\t\t\t\t\n\t\t\t\n\t<div class=\"is-border\"\n\t\tstyle=\"border-color:rgb(207, 164, 76);border-radius:15px;border-width:2px 2px 2px 2px;\">\n\t<\/div>\n\n\t\t<\/div>\n\n\t\t\n\n\t\t<div class=\"section-content relative\">\n\t\t\t\n\n<div class=\"row\"  id=\"row-43165954\">\n\n\n\t<div id=\"col-1930680543\" class=\"col small-12 large-12\"  >\n\t\t\t\t<div class=\"col-inner text-center\"  >\n\t\t\t\n\t\t\t\n\n\t<div class=\"img has-hover x md-x lg-x y md-y lg-y\" id=\"image_439948387\">\n\t\t\t\t\t\t\t\t<div class=\"img-inner image-zoom dark\" >\n\t\t\t<img loading=\"lazy\" decoding=\"async\" width=\"400\" height=\"185\" src=\"https:\/\/mmttunc.com\/wp-content\/uploads\/2023\/07\/MMT-Tunc-Group-Logo-MMT-TUNC.webp\" class=\"attachment-original size-original\" alt=\"MMT Tunc Group Logo - MMT TUNC\" srcset=\"https:\/\/mmttunc.com\/wp-content\/uploads\/2023\/07\/MMT-Tunc-Group-Logo-MMT-TUNC.webp 400w, https:\/\/mmttunc.com\/wp-content\/uploads\/2023\/07\/MMT-Tunc-Group-Logo-MMT-TUNC-300x139.webp 300w\" sizes=\"auto, (max-width: 400px) 100vw, 400px\" \/>\t\t\t\t\t\t\n\t\t\t\t\t<\/div>\n\t\t\t\t\t\t\t\t\n<style>\n#image_439948387 {\n  width: 100%;\n}\n<\/style>\n\t<\/div>\n\t\n\n\n\t\t<\/div>\n\t\t\t\t\t<\/div>\n\n\t\n\n\t<div id=\"col-1990510049\" class=\"col small-12 large-12\"  >\n\t\t\t\t<div class=\"col-inner\"  >\n\t\t\t\n\t\t\t\n\n\t<div id=\"text-1187880130\" class=\"text hover-gold\">\n\t\t\n\n<h2>Informacje kontaktowe:<\/h2>\n<p>Telefon:<\/p>\n<p><a href=\"tel:+905326988343\" target=\"_blank\" rel=\"noopener\">+90 (532) 698 83 43<\/a> (EN-UA-RU)<\/p>\n<p><a href=\"tel:+905321346007\" target=\"_blank\" rel=\"noopener\">+ 90 (532) 134 60 07<\/a> (TR)<\/p>\n<p>WhatsApp : <a href=\"https:\/\/wa.me\/+905326988343\/?text=mmttunc.com\" target=\"_blank\" rel=\"noopener\">+90 (532) 698 83 43<\/a><\/p>\n<p>Mail : <a href=\"mailto:info@mmttuncgroup.com\" target=\"_blank\" rel=\"noopener\">info@mmttuncgroup.com<\/a><\/p>\n\t\t\n<style>\n#text-1187880130 {\n  text-align: center;\n}\n<\/style>\n\t<\/div>\n\t\n\n\t\t<\/div>\n\t\t\t\t\t<\/div>\n\n\t\n\n<\/div>\n\n\t\t<\/div>\n\n\t\t\n<style>\n#section_1871414173 {\n  padding-top: 30px;\n  padding-bottom: 30px;\n}\n<\/style>\n\t<\/section>\n\t\n\n\n\t\t<\/div>\n\t\t<\/div><\/div>\t\t\t<\/div>\n\n\t\n\n<\/div>\n\n\t\t<\/div>\n\n\t\t\n<style>\n#section_280236675 {\n  padding-top: 30px;\n  padding-bottom: 30px;\n  background-color: #1e1e1e;\n}\n<\/style>\n\t<\/section>\n\t\n","protected":false},"excerpt":{"rendered":"","protected":false},"author":3,"featured_media":5508,"parent":5496,"menu_order":0,"comment_status":"closed","ping_status":"closed","template":"page-blank.php","meta":{"_joinchat":[],"footnotes":""},"class_list":["post-5507","page","type-page","status-publish","has-post-thumbnail","hentry"],"_links":{"self":[{"href":"https:\/\/mmttunc.com\/pl\/wp-json\/wp\/v2\/pages\/5507","targetHints":{"allow":["GET"]}}],"collection":[{"href":"https:\/\/mmttunc.com\/pl\/wp-json\/wp\/v2\/pages"}],"about":[{"href":"https:\/\/mmttunc.com\/pl\/wp-json\/wp\/v2\/types\/page"}],"author":[{"embeddable":true,"href":"https:\/\/mmttunc.com\/pl\/wp-json\/wp\/v2\/users\/3"}],"replies":[{"embeddable":true,"href":"https:\/\/mmttunc.com\/pl\/wp-json\/wp\/v2\/comments?post=5507"}],"version-history":[{"count":2,"href":"https:\/\/mmttunc.com\/pl\/wp-json\/wp\/v2\/pages\/5507\/revisions"}],"predecessor-version":[{"id":5510,"href":"https:\/\/mmttunc.com\/pl\/wp-json\/wp\/v2\/pages\/5507\/revisions\/5510"}],"up":[{"embeddable":true,"href":"https:\/\/mmttunc.com\/pl\/wp-json\/wp\/v2\/pages\/5496"}],"wp:featuredmedia":[{"embeddable":true,"href":"https:\/\/mmttunc.com\/pl\/wp-json\/wp\/v2\/media\/5508"}],"wp:attachment":[{"href":"https:\/\/mmttunc.com\/pl\/wp-json\/wp\/v2\/media?parent=5507"}],"curies":[{"name":"wp","href":"https:\/\/api.w.org\/{rel}","templated":true}]}}