{"id":5503,"date":"2023-07-26T11:58:51","date_gmt":"2023-07-26T08:58:51","guid":{"rendered":"https:\/\/mmttunc.com\/uslug\/wspolpraca-z-grupa-mmt-tunc\/"},"modified":"2024-06-27T18:33:50","modified_gmt":"2024-06-27T15:33:50","slug":"wspolpraca-z-grupa-mmt-tunc","status":"publish","type":"page","link":"https:\/\/mmttunc.com\/pl\/uslug\/wspolpraca-z-grupa-mmt-tunc\/","title":{"rendered":"Wsp\u00f3\u0142praca z Grup\u0105 MMT Tunc"},"content":{"rendered":"\n\n\t<section class=\"section\" id=\"section_1399108679\">\n\t\t<div class=\"section-bg fill\" >\n\t\t\t\t\t\t\t\t\t\n\t\t\t\n\n\t\t<\/div>\n\n\t\t\n\n\t\t<div class=\"section-content relative\">\n\t\t\t\n\n\n  <div class=\"banner has-hover has-parallax\" id=\"banner-886496211\">\n          <div class=\"banner-inner fill\">\n        <div class=\"banner-bg fill\" data-parallax=\"-4\" data-parallax-container=\".banner\" data-parallax-background>\n            <img loading=\"lazy\" decoding=\"async\" width=\"1080\" height=\"1080\" src=\"https:\/\/mmttunc.com\/wp-content\/uploads\/2023\/08\/Cooperation-with-MMT-Tunc-Group-MMT-TUNC.webp\" class=\"bg attachment-original size-original\" alt=\"\" \/>                        <div class=\"overlay\"><\/div>            \n                    <\/div>\n\t\t\n        <div class=\"banner-layers container\">\n            <div class=\"fill banner-link\"><\/div>            \n\n\n        <\/div>\n      <\/div>\n\n            \n<style>\n#banner-886496211 {\n  padding-top: 260px;\n}\n#banner-886496211 .overlay {\n  background-color: rgba(0,0,0,.5);\n}\n#banner-886496211 .banner-bg img {\n  object-position: 51% 94%;\n}\n@media (min-width:550px) {\n  #banner-886496211 {\n    padding-top: 400px;\n  }\n}\n<\/style>\n  <\/div>\n\n\n\n\t\t<\/div>\n\n\t\t\n<style>\n#section_1399108679 {\n  padding-top: 0px;\n  padding-bottom: 0px;\n}\n<\/style>\n\t<\/section>\n\t\n\n\t<section class=\"section dark\" id=\"section_542614002\">\n\t\t<div class=\"section-bg fill\" >\n\t\t\t\t\t\t\t\t\t\n\t\t\t\n\n\t\t<\/div>\n\n\t\t\n\n\t\t<div class=\"section-content relative\">\n\t\t\t\n\n<div class=\"row\"  id=\"row-1442154413\">\n\n\n\t<div id=\"col-377916627\" class=\"col medium-7 small-12 large-8\"  >\n\t\t\t\t<div class=\"col-inner\"  >\n\t\t\t\n\t\t\t\n\n<h1>Wsp\u00f3\u0142praca z Grup\u0105 MMT Tunc<\/h1>\n<p>Czy potrzebujesz wiarygodnego partnera inwestycyjnego w Turcji?<\/p>\n<h2><span data-text-color=\"primary\"><strong>Agent\u00f3w i Agencji<\/strong><\/span><\/h2>\n<p>Grupa MMT Tunc jest zawsze otwarta na wsp\u00f3\u0142prac\u0119 na korzystnych warunkach dla obu stron. Nasza firma ma 25-letni\u0105 reputacj\u0119, co stanowi d\u0142ug\u0105 drog\u0119 dla naszych partner\u00f3w. Oferujemy najkorzystniejsze warunki i przejrzysto\u015b\u0107 operacji. Skontaktuj si\u0119 z nami, a my udzielimy Ci wszystkich niezb\u0119dnych informacji na temat naszego programu partnerskiego.<\/p>\n<h2><span data-text-color=\"primary\"><strong>Inwestor\u00f3w<\/strong><\/span><\/h2>\n<p>Firma Budowlana MMT Tunc Group wsp\u00f3\u0142pracuje z:<\/p>\n<ul>\n<li>Funduszy Inwestycyjnych<\/li>\n<li>Firmy deweloperskie do zarz\u0105dzania aktywami<\/li>\n<li>\u0130nwestor\u00f3w Prywatnych<\/li>\n<li>Firm Budowlanych<\/li>\n<li>I innych organizacji.<\/li>\n<\/ul>\n<p>Twoje pragnienie dokonania op\u0142acalnej inwestycji finansowej, a tak\u017ce nasze 25-letnie do\u015bwiadczenie i liczne nowe osi\u0105gni\u0119cia po\u0142o\u017cy\u0142y solidny fundament pod gwarantowany sukces w MMT Tunc Group.<\/p>\n<p>Mo\u017cesz nawet wzi\u0105\u0107 udzia\u0142 w naszej mo\u017cliwo\u015bci inwestycyjnej \u201efazy przed budow\u0105\u201d i mie\u0107 na uwadze, wiedz\u0105c, \u017ce Twoja inwestycja wzro\u015bnie do ko\u0144ca etapu uruchamiania.<\/p>\n<p>Je\u015bli jeste\u015b zainteresowany perspektyw\u0105 partnerstwa, zostaw swoj\u0105 aplikacj\u0119, a my skontaktujemy si\u0119 z Tob\u0105, aby poda\u0107 wszystkie niezb\u0119dne informacje.<\/p>\n<h2><span data-text-color=\"primary\"><strong>Inwestycji kapita\u0142owych<\/strong><\/span><\/h2>\n<p>Przyci\u0105gamy firmy i osoby zainteresowane dochodowym biznesem budowlanym.<\/p>\n<p>Oferujemy inwestycje w:<\/p>\n<ul>\n<li>Nieruchomo\u015b\u0107 komercyjna (sprzeda\u017c detaliczna i biurowa) o dobrej lokalizacji i ruchu, kt\u00f3ry jest poszukiwany w\u015br\u00f3d najemc\u00f3w<\/li>\n<li>Mieszkania do odsprzeda\u017cy przy zakupie na pocz\u0105tkowym etapie budowy, a nast\u0119pnie do odsprzeda\u017cy z wydajno\u015bci\u0105 do 30%<\/li>\n<li>\u015awiadczymy r\u00f3wnie\u017c us\u0142ugi budowy wszelkich projekt\u00f3w \u201epod klucz\u201d na indywidualne zam\u00f3wienie &#8211; od willi po hotele SPA.<\/li>\n<\/ul>\n<h2><span data-text-color=\"primary\">&nbsp;<strong>Z naszej strony gwarantujemy:<\/strong><\/span><\/h2>\n<ul>\n<li>Kompetencje w dziedzinie budownictwa, potwierdzone przez lata udanej pracy<\/li>\n<li>Odpowiedzialno\u015b\u0107 i profesjonalizm ca\u0142ego zespo\u0142u &#8211; od dyrektora po konstruktora i kierownika<\/li>\n<li>Otwarto\u015b\u0107 i ustanowienie partnerstw zaufania<\/li>\n<li>Przyspieszenie wszelkich, nawet najbardziej z\u0142o\u017conych i wymagaj\u0105cych zada\u0144<\/li>\n<li>Dla zespo\u0142u MMT Tunc Group mo\u017cliwo\u015bci s\u0105 nieograniczone.<\/li>\n<\/ul>\n\n\t\t<\/div>\n\t\t\t\t\t<\/div>\n\n\t\n\n\t<div id=\"col-1385126481\" class=\"col medium-5 small-12 large-4\"  >\n\t\t<div class=\"is-sticky-column\"><div class=\"is-sticky-column__inner\">\t\t<div class=\"col-inner\"  >\n\t\t\t\n\t\t\t\n\n\n\t<section class=\"section\" id=\"section_542897484\">\n\t\t<div class=\"section-bg fill\" >\n\t\t\t\t\t\t\t\t\t\n\t\t\t\n\t<div class=\"is-border\"\n\t\tstyle=\"border-color:rgb(207, 164, 76);border-radius:15px;border-width:2px 2px 2px 2px;\">\n\t<\/div>\n\n\t\t<\/div>\n\n\t\t\n\n\t\t<div class=\"section-content relative\">\n\t\t\t\n\n<div class=\"row\"  id=\"row-1519179954\">\n\n\n\t<div id=\"col-548478844\" class=\"col small-12 large-12\"  >\n\t\t\t\t<div class=\"col-inner text-center\"  >\n\t\t\t\n\t\t\t\n\n\t<div class=\"img has-hover x md-x lg-x y md-y lg-y\" id=\"image_885027305\">\n\t\t\t\t\t\t\t\t<div class=\"img-inner image-zoom dark\" >\n\t\t\t<img loading=\"lazy\" decoding=\"async\" width=\"400\" height=\"185\" src=\"https:\/\/mmttunc.com\/wp-content\/uploads\/2023\/07\/MMT-Tunc-Group-Logo-MMT-TUNC.webp\" class=\"attachment-original size-original\" alt=\"MMT Tunc Group Logo - MMT TUNC\" srcset=\"https:\/\/mmttunc.com\/wp-content\/uploads\/2023\/07\/MMT-Tunc-Group-Logo-MMT-TUNC.webp 400w, https:\/\/mmttunc.com\/wp-content\/uploads\/2023\/07\/MMT-Tunc-Group-Logo-MMT-TUNC-300x139.webp 300w\" sizes=\"auto, (max-width: 400px) 100vw, 400px\" \/>\t\t\t\t\t\t\n\t\t\t\t\t<\/div>\n\t\t\t\t\t\t\t\t\n<style>\n#image_885027305 {\n  width: 100%;\n}\n<\/style>\n\t<\/div>\n\t\n\n\n\t\t<\/div>\n\t\t\t\t\t<\/div>\n\n\t\n\n\t<div id=\"col-1341094072\" class=\"col small-12 large-12\"  >\n\t\t\t\t<div class=\"col-inner\"  >\n\t\t\t\n\t\t\t\n\n\t<div id=\"text-2378018641\" class=\"text hover-gold\">\n\t\t\n\n<h2>Informacje kontaktowe:<\/h2>\n<p>Telefon:<\/p>\n<p><a href=\"tel:+905326988343\" target=\"_blank\" rel=\"noopener\">+90 (532) 698 83 43<\/a> (EN-UA-RU)<\/p>\n<p><a href=\"tel:+905321346007\" target=\"_blank\" rel=\"noopener\">+ 90 (532) 134 60 07<\/a> (TR)<\/p>\n<p>WhatsApp : <a href=\"https:\/\/wa.me\/+905326988343\/?text=mmttunc.com\" target=\"_blank\" rel=\"noopener\">+90 (532) 698 83 43<\/a><\/p>\n<p>Mail : <a href=\"mailto:info@mmttuncgroup.com\" target=\"_blank\" rel=\"noopener\">info@mmttuncgroup.com<\/a><\/p>\n\t\t\n<style>\n#text-2378018641 {\n  text-align: center;\n}\n<\/style>\n\t<\/div>\n\t\n\n\t\t<\/div>\n\t\t\t\t\t<\/div>\n\n\t\n\n<\/div>\n\n\t\t<\/div>\n\n\t\t\n<style>\n#section_542897484 {\n  padding-top: 30px;\n  padding-bottom: 30px;\n}\n<\/style>\n\t<\/section>\n\t\n\n\n\t\t<\/div>\n\t\t<\/div><\/div>\t\t\t<\/div>\n\n\t\n\n<\/div>\n\n\t\t<\/div>\n\n\t\t\n<style>\n#section_542614002 {\n  padding-top: 30px;\n  padding-bottom: 30px;\n  background-color: #1e1e1e;\n}\n<\/style>\n\t<\/section>\n\t\n","protected":false},"excerpt":{"rendered":"","protected":false},"author":3,"featured_media":5504,"parent":5496,"menu_order":0,"comment_status":"closed","ping_status":"closed","template":"page-blank.php","meta":{"_joinchat":[],"footnotes":""},"class_list":["post-5503","page","type-page","status-publish","has-post-thumbnail","hentry"],"_links":{"self":[{"href":"https:\/\/mmttunc.com\/pl\/wp-json\/wp\/v2\/pages\/5503","targetHints":{"allow":["GET"]}}],"collection":[{"href":"https:\/\/mmttunc.com\/pl\/wp-json\/wp\/v2\/pages"}],"about":[{"href":"https:\/\/mmttunc.com\/pl\/wp-json\/wp\/v2\/types\/page"}],"author":[{"embeddable":true,"href":"https:\/\/mmttunc.com\/pl\/wp-json\/wp\/v2\/users\/3"}],"replies":[{"embeddable":true,"href":"https:\/\/mmttunc.com\/pl\/wp-json\/wp\/v2\/comments?post=5503"}],"version-history":[{"count":2,"href":"https:\/\/mmttunc.com\/pl\/wp-json\/wp\/v2\/pages\/5503\/revisions"}],"predecessor-version":[{"id":5506,"href":"https:\/\/mmttunc.com\/pl\/wp-json\/wp\/v2\/pages\/5503\/revisions\/5506"}],"up":[{"embeddable":true,"href":"https:\/\/mmttunc.com\/pl\/wp-json\/wp\/v2\/pages\/5496"}],"wp:featuredmedia":[{"embeddable":true,"href":"https:\/\/mmttunc.com\/pl\/wp-json\/wp\/v2\/media\/5504"}],"wp:attachment":[{"href":"https:\/\/mmttunc.com\/pl\/wp-json\/wp\/v2\/media?parent=5503"}],"curies":[{"name":"wp","href":"https:\/\/api.w.org\/{rel}","templated":true}]}}